{"id":947,"date":"2021-07-24T05:54:55","date_gmt":"2021-07-24T05:54:55","guid":{"rendered":"https:\/\/m3h.cl\/autoevaluacion\/?page_id=947"},"modified":"2021-07-28T02:58:16","modified_gmt":"2021-07-28T02:58:16","slug":"pagina-de-inicio","status":"publish","type":"page","link":"https:\/\/m3h.cl\/autoevaluacion\/","title":{"rendered":"P\u00e1gina de Inicio"},"content":{"rendered":"<div data-colibri-id=\"947-c1\" class=\"style-817 style-local-947-c1 position-relative\">\n  <!---->\n  <div data-colibri-component=\"section\" data-colibri-id=\"947-c2\" id=\"contact\" class=\"h-section h-section-global-spacing d-flex align-items-lg-center align-items-md-center align-items-center style-818 style-local-947-c2 position-relative\">\n    <div class=\"background-wrapper\">\n      <div class=\"background-layer background-layer-media-container-lg\">\n        <div data-enabled=\"true\" data-colibri-component=\"parallax\" class=\"background-layer paraxify\" style=\"background-image: url(&quot;https:\/\/m3h.cl\/autoevaluacion\/wp-content\/uploads\/2021\/07\/cropped-Header-logo-baseB-01.jpg&quot;);\" model-id=\"947-c2\"\n          media=\"desktop\" is-preview=\"true\"><\/div>\n        <div class=\"overlay-layer\">\n          <div class=\"overlay-image-layer\" style=\"background-color: rgb(0, 0, 0); opacity: 0.17;\"><\/div>\n          <div class=\"shape-layer colibri-shape-rounded-squares-blue\" style=\"background-position: center center; background-size: cover; background-repeat: no-repeat; filter: invert(33%);\"><\/div>\n        <\/div>\n      <\/div>\n      <div class=\"background-layer background-layer-media-container-md\">\n        <!---->\n        <div class=\"overlay-layer\">\n          <div class=\"overlay-image-layer\" style=\"background-color: rgb(0, 0, 0); opacity: 0.17;\"><\/div>\n          <div class=\"shape-layer colibri-shape-rounded-squares-blue\" style=\"background-position: center center; background-size: cover; background-repeat: no-repeat; filter: invert(33%);\"><\/div>\n        <\/div>\n      <\/div>\n      <div class=\"background-layer background-layer-media-container\">\n        <!---->\n        <div class=\"overlay-layer\">\n          <div class=\"overlay-image-layer\" style=\"background-color: rgb(0, 0, 0); opacity: 0.17;\"><\/div>\n          <div class=\"shape-layer colibri-shape-rounded-squares-blue\" style=\"background-position: center center; background-size: cover; background-repeat: no-repeat; filter: invert(33%);\"><\/div>\n        <\/div>\n      <\/div>\n    <\/div>\n    <!---->\n    <div class=\"h-section-grid-container h-section-boxed-container\">\n      <div data-colibri-id=\"947-c33\" class=\"h-row-container gutters-row-lg-2 gutters-row-md-2 gutters-row-2 gutters-row-v-lg-2 gutters-row-v-md-2 gutters-row-v-2 style-822 style-local-947-c33 position-relative\">\n        <!---->\n        <div class=\"h-row justify-content-lg-center justify-content-md-center justify-content-center align-items-lg-stretch align-items-md-stretch align-items-stretch gutters-col-lg-2 gutters-col-md-2 gutters-col-2 gutters-col-v-lg-2 gutters-col-v-md-2 gutters-col-v-2\">\n          <!---->\n          <div class=\"h-column h-column-container d-flex h-col-lg-auto h-col-md-auto h-col-auto style-823-outer style-local-947-c34-outer\">\n            <div data-colibri-id=\"947-c34\" class=\"d-flex h-flex-basis h-column__inner h-px-lg-2 h-px-md-2 h-px-3 v-inner-lg-2 v-inner-md-2 v-inner-3 style-823 style-local-947-c34 position-relative\">\n              <!---->\n              <!---->\n              <div class=\"w-100 h-y-container h-column__content h-column__v-align flex-basis-100 align-self-lg-start align-self-md-start align-self-start\">\n                <!---->\n                <div data-colibri-id=\"947-c35\" class=\"h-global-transition-all h-heading style-824 style-local-947-c35 position-relative h-element\">\n                  <!---->\n                  <div class=\"h-heading__outer style-824 style-local-947-c35\">\n                    <!---->\n                    <!---->\n                    <h2 class=\"\">Autoevaluaci\u00f3n de Retorno<\/h2>\n                  <\/div>\n                <\/div>\n                <div data-colibri-id=\"947-c36\" class=\"h-lead h-text h-text-component style-825 style-local-947-c36 position-relative h-element\">\n                  <!---->\n                  <!---->\n                  <div class=\"\">\n                    <p>Esta auto evaluaci\u00f3n de salud es parte de la campa\u00f1a de prevenci\u00f3n contra el Covid-19 (Coronavirus) con el fin de mantener su bienestar y el de los trabajadores de Soc. Minera 3H Ltda. y sus empresas contratistas.<\/p>\n                  <\/div>\n                <\/div>\n              <\/div>\n            <\/div>\n          <\/div>\n          <div class=\"h-column h-column-container d-flex h-col-lg-auto h-col-md-auto h-col-auto style-826-outer style-local-947-c37-outer\">\n            <div data-colibri-id=\"947-c37\" class=\"d-flex h-flex-basis h-column__inner h-px-lg-2 h-px-md-2 h-px-2 v-inner-lg-2 v-inner-md-2 v-inner-2 style-826 style-local-947-c37 position-relative\">\n              <!---->\n              <!---->\n              <div class=\"w-100 h-y-container h-column__content h-column__v-align flex-basis-100 align-self-lg-start align-self-md-start align-self-start\">\n                <!---->\n                <div data-colibri-id=\"947-c38\" class=\"d-block style-827 style-local-947-c38 position-relative h-element\">\n                  <!---->\n                  <div class=\"h-image__frame-container-outer\">\n                    <div class=\"h-image__frame-container\">\n                      <!---->\n                      <!---->\n                      <img loading=\"lazy\" decoding=\"async\" width=\"378\" height=\"251\" src=\"https:\/\/m3h.cl\/autoevaluacion\/wp-content\/uploads\/2021\/07\/Header-logo-baseB-02.png\" class=\"wp-image-889 style-827-image style-local-947-c38-image\" alt=\"\" srcset=\"https:\/\/m3h.cl\/autoevaluacion\/wp-content\/uploads\/2021\/07\/Header-logo-baseB-02.png 378w, https:\/\/m3h.cl\/autoevaluacion\/wp-content\/uploads\/2021\/07\/Header-logo-baseB-02-300x199.png 300w\" sizes=\"auto, (max-width: 378px) 100vw, 378px\" \/>\n                      <div class=\"h-image__frame h-hide-lg h-hide-md h-hide-sm style-827-frameImage style-local-947-c38-frameImage\"><\/div>\n                    <\/div>\n                  <\/div>\n                <\/div>\n              <\/div>\n            <\/div>\n          <\/div>\n        <\/div>\n      <\/div>\n      <div data-colibri-id=\"947-c3\" class=\"h-row-container gutters-row-lg-2 gutters-row-md-2 gutters-row-0 gutters-row-v-lg-2 gutters-row-v-md-2 gutters-row-v-2 style-819 style-local-947-c3 position-relative\">\n        <!---->\n        <div class=\"h-row justify-content-lg-center justify-content-md-center justify-content-center align-items-lg-stretch align-items-md-stretch align-items-stretch gutters-col-lg-2 gutters-col-md-2 gutters-col-0 gutters-col-v-lg-2 gutters-col-v-md-2 gutters-col-v-2\">\n          <!---->\n          <div class=\"h-column h-column-container d-flex h-col-lg-auto h-col-md-auto h-col-auto style-820-outer style-local-947-c4-outer\">\n            <div data-colibri-id=\"947-c4\" class=\"d-flex h-flex-basis h-column__inner h-px-lg-3 h-px-md-3 h-px-3 v-inner-lg-3 v-inner-md-3 v-inner-3 style-820 style-local-947-c4 position-relative\">\n              <!---->\n              <!---->\n              <div class=\"w-100 h-y-container h-column__content h-column__v-align flex-basis-100 align-self-lg-center align-self-md-center align-self-center\">\n                <!---->\n                <div data-colibri-id=\"947-c5\" class=\"h-row-container gutters-row-lg-2 gutters-row-md-2 gutters-row-0 gutters-row-v-lg-2 gutters-row-v-md-2 gutters-row-v-2 style-831 style-local-947-c5 position-relative\">\n                  <!---->\n                  <div data-colibri-id=\"947-c5\" class=\"h-row justify-content-lg-center justify-content-md-center justify-content-center align-items-lg-start align-items-md-start align-items-start gutters-col-lg-2 gutters-col-md-2 gutters-col-0 gutters-col-v-lg-2 gutters-col-v-md-2 gutters-col-v-2 style-831 style-local-947-c5 position-relative\">\n                    <!---->\n                    <!---->\n                    <div class=\"h-pricing-item h-col-lg-12 h-col-md-12 h-col-12 style-832-outer style-local-947-c6-outer\">\n                      <div data-colibri-id=\"947-c6\" class=\"h-column__inner h-pricing-item__inner h-px-lg-0 h-px-md-0 h-px-0 v-inner-lg-0 v-inner-md-0 v-inner-0 style-832 style-local-947-c6 h-overflow-hidden position-relative\">\n                        <!---->\n                        <div class=\"price-ribbon__wrapper\">\n                          <div class=\"price-ribbon price-ribbon--right\">\n                            <!---->\n                          <\/div>\n                        <\/div>\n                        <div data-colibri-id=\"947-c7\" class=\"h-row-container gutters-row-lg-0 gutters-row-md-0 gutters-row-0 gutters-row-v-lg-0 gutters-row-v-md-0 gutters-row-v-0 style-833 style-local-947-c7 position-relative\">\n                          <!---->\n                          <div class=\"h-row justify-content-lg-center justify-content-md-center justify-content-center align-items-lg-stretch align-items-md-stretch align-items-stretch gutters-col-lg-0 gutters-col-md-0 gutters-col-0 gutters-col-v-lg-0 gutters-col-v-md-0 gutters-col-v-0\">\n                            <!---->\n                            <div class=\"h-column h-column-container d-flex h-col-lg-auto h-col-md-auto h-col-auto style-834-outer style-local-947-c8-outer\">\n                              <div data-colibri-id=\"947-c8\" class=\"d-flex h-flex-basis h-column__inner h-px-lg-0 h-px-md-0 h-px-0 v-inner-lg-0 v-inner-md-0 v-inner-0 style-834 style-local-947-c8 position-relative\">\n                                <!---->\n                                <!---->\n                                <div class=\"w-100 h-y-container h-column__content h-column__v-align flex-basis-100 align-self-lg-start align-self-md-start align-self-start\">\n                                  <!---->\n                                  <div data-colibri-id=\"947-c9\" class=\"h-global-transition-all h-heading style-835 style-local-947-c9 position-relative h-element\">\n                                    <!---->\n                                    <div class=\"h-heading__outer style-835 style-local-947-c9\">\n                                      <!---->\n                                      <!---->\n                                      <h4 class=\"\">PERSONAL EMPRESA 3H<\/h4>\n                                    <\/div>\n                                  <\/div>\n                                  <div data-colibri-id=\"947-c10\" class=\"h-text h-text-component style-841 style-local-947-c10 position-relative h-element\">\n                                    <!---->\n                                    <!---->\n                                    <div class=\"\">\n                                      <p>RESPONDER AUTOEVALUACI\u00d3N SALUD\n                                        <br>\n                                      <\/p>\n                                    <\/div>\n                                  <\/div>\n                                <\/div>\n                              <\/div>\n                            <\/div>\n                          <\/div>\n                        <\/div>\n                        <div data-colibri-id=\"947-c11\" class=\"h-row-container gutters-row-lg-0 gutters-row-md-0 gutters-row-0 gutters-row-v-lg-0 gutters-row-v-md-0 gutters-row-v-0 style-842 style-local-947-c11 position-relative\">\n                          <!---->\n                          <div class=\"h-row justify-content-lg-center justify-content-md-center justify-content-center align-items-lg-stretch align-items-md-stretch align-items-stretch gutters-col-lg-0 gutters-col-md-0 gutters-col-0 gutters-col-v-lg-0 gutters-col-v-md-0 gutters-col-v-0\">\n                            <!---->\n                            <div class=\"h-column h-column-container d-flex h-col-lg-auto h-col-md-auto h-col-auto style-843-outer style-local-947-c12-outer\">\n                              <div data-colibri-id=\"947-c12\" class=\"d-flex h-flex-basis h-column__inner h-px-lg-2 h-px-md-2 h-px-3 v-inner-lg-2 v-inner-md-2 v-inner-3 style-843 style-local-947-c12 position-relative\">\n                                <!---->\n                                <!---->\n                                <div class=\"w-100 h-y-container h-column__content h-column__v-align flex-basis-100 align-self-lg-start align-self-md-start align-self-start\">\n                                  <!---->\n                                  <div data-colibri-id=\"947-c13\" class=\"h-x-container style-844 style-local-947-c13 position-relative h-element\">\n                                    <!---->\n                                    <div class=\"h-x-container-inner style-dynamic-947-c13-group style-844-spacing style-local-947-c13-spacing\"><span class=\"h-button__outer style-845-outer style-local-947-c14-outer d-inline-flex h-element\"><a h-use-smooth-scroll=\"true\" href=\"https:\/\/m3h.cl\/autoevaluacion\/personal-empresa-minera-3h\/\" rel=\"nofollow\"  data-colibri-id=\"947-c14\" class=\"d-flex w-100 align-items-center h-button justify-content-lg-center justify-content-md-center justify-content-center style-845 style-local-947-c14 position-relative\"><!----><!----> <span>INGRESAR<\/span><\/a>\n                                      <\/span>\n                                    <\/div>\n                                  <\/div>\n                                <\/div>\n                              <\/div>\n                            <\/div>\n                          <\/div>\n                        <\/div>\n                      <\/div>\n                    <\/div>\n                    <div class=\"h-pricing-item h-col-lg-12 h-col-md-12 h-col-12 style-846-outer style-local-947-c15-outer\">\n                      <div data-colibri-id=\"947-c15\" class=\"h-column__inner h-pricing-item__inner h-px-lg-0 h-px-md-0 h-px-0 v-inner-lg-0 v-inner-md-0 v-inner-0 style-846 style-local-947-c15 h-overflow-hidden position-relative\">\n                        <!---->\n                        <div class=\"price-ribbon__wrapper\">\n                          <div class=\"price-ribbon price-ribbon--right\">\n                            <!---->\n                          <\/div>\n                        <\/div>\n                        <div data-colibri-id=\"947-c16\" class=\"h-row-container gutters-row-lg-0 gutters-row-md-0 gutters-row-0 gutters-row-v-lg-0 gutters-row-v-md-0 gutters-row-v-0 style-847 style-local-947-c16 position-relative\">\n                          <!---->\n                          <div class=\"h-row justify-content-lg-center justify-content-md-center justify-content-center align-items-lg-stretch align-items-md-stretch align-items-stretch gutters-col-lg-0 gutters-col-md-0 gutters-col-0 gutters-col-v-lg-0 gutters-col-v-md-0 gutters-col-v-0\">\n                            <!---->\n                            <div class=\"h-column h-column-container d-flex h-col-lg-auto h-col-md-auto h-col-auto style-848-outer style-local-947-c17-outer\">\n                              <div data-colibri-id=\"947-c17\" class=\"d-flex h-flex-basis h-column__inner h-px-lg-0 h-px-md-0 h-px-0 v-inner-lg-0 v-inner-md-0 v-inner-0 style-848 style-local-947-c17 position-relative\">\n                                <!---->\n                                <!---->\n                                <div class=\"w-100 h-y-container h-column__content h-column__v-align flex-basis-100 align-self-lg-start align-self-md-start align-self-start\">\n                                  <!---->\n                                  <div data-colibri-id=\"947-c18\" class=\"h-global-transition-all h-heading style-849 style-local-947-c18 position-relative h-element\">\n                                    <!---->\n                                    <div class=\"h-heading__outer style-849 style-local-947-c18\">\n                                      <!---->\n                                      <!---->\n                                      <h4 class=\"\">CONTRATISTAS<\/h4>\n                                    <\/div>\n                                  <\/div>\n                                  <div data-colibri-id=\"947-c19\" class=\"h-text h-text-component style-855 style-local-947-c19 position-relative h-element\">\n                                    <!---->\n                                    <!---->\n                                    <div class=\"\">\n                                      <p>RESPONDER AUTOEVALUACI\u00d3N SALUD<\/p>\n                                    <\/div>\n                                  <\/div>\n                                <\/div>\n                              <\/div>\n                            <\/div>\n                          <\/div>\n                        <\/div>\n                        <div data-colibri-id=\"947-c20\" class=\"h-row-container gutters-row-lg-0 gutters-row-md-0 gutters-row-0 gutters-row-v-lg-0 gutters-row-v-md-0 gutters-row-v-0 style-856 style-local-947-c20 position-relative\">\n                          <!---->\n                          <div class=\"h-row justify-content-lg-center justify-content-md-center justify-content-center align-items-lg-stretch align-items-md-stretch align-items-stretch gutters-col-lg-0 gutters-col-md-0 gutters-col-0 gutters-col-v-lg-0 gutters-col-v-md-0 gutters-col-v-0\">\n                            <!---->\n                            <div class=\"h-column h-column-container d-flex h-col-lg-auto h-col-md-auto h-col-auto style-857-outer style-local-947-c21-outer\">\n                              <div data-colibri-id=\"947-c21\" class=\"d-flex h-flex-basis h-column__inner h-px-lg-2 h-px-md-2 h-px-3 v-inner-lg-2 v-inner-md-2 v-inner-3 style-857 style-local-947-c21 position-relative\">\n                                <!---->\n                                <!---->\n                                <div class=\"w-100 h-y-container h-column__content h-column__v-align flex-basis-100 align-self-lg-start align-self-md-start align-self-start\">\n                                  <!---->\n                                  <div data-colibri-id=\"947-c22\" class=\"h-x-container style-858 style-local-947-c22 position-relative h-element\">\n                                    <!---->\n                                    <div class=\"h-x-container-inner style-dynamic-947-c22-group style-858-spacing style-local-947-c22-spacing\"><span class=\"h-button__outer style-859-outer style-local-947-c23-outer d-inline-flex h-element\"><a h-use-smooth-scroll=\"true\" href=\"https:\/\/m3h.cl\/autoevaluacion\/empresas-contratistas\/\" rel=\"nofollow\"  data-colibri-id=\"947-c23\" class=\"d-flex w-100 align-items-center h-button justify-content-lg-center justify-content-md-center justify-content-center style-859 style-local-947-c23 position-relative\"><!----><!----> <span>INGRESAR<\/span><\/a>\n                                      <\/span>\n                                    <\/div>\n                                  <\/div>\n                                <\/div>\n                              <\/div>\n                            <\/div>\n                          <\/div>\n                        <\/div>\n                      <\/div>\n                    <\/div>\n                    <div class=\"h-pricing-item h-col-lg-12 h-col-md-12 h-col-12 style-860-outer style-local-947-c24-outer\">\n                      <div data-colibri-id=\"947-c24\" class=\"h-column__inner h-pricing-item__inner h-px-lg-0 h-px-md-0 h-px-0 v-inner-lg-0 v-inner-md-0 v-inner-0 style-860 style-local-947-c24 h-overflow-hidden position-relative\">\n                        <!---->\n                        <div class=\"price-ribbon__wrapper\">\n                          <div class=\"price-ribbon price-ribbon--right\">\n                            <!---->\n                          <\/div>\n                        <\/div>\n                        <div data-colibri-id=\"947-c25\" class=\"h-row-container gutters-row-lg-0 gutters-row-md-0 gutters-row-0 gutters-row-v-lg-0 gutters-row-v-md-0 gutters-row-v-0 style-861 style-local-947-c25 position-relative\">\n                          <!---->\n                          <div class=\"h-row justify-content-lg-center justify-content-md-center justify-content-center align-items-lg-stretch align-items-md-stretch align-items-stretch gutters-col-lg-0 gutters-col-md-0 gutters-col-0 gutters-col-v-lg-0 gutters-col-v-md-0 gutters-col-v-0\">\n                            <!---->\n                            <div class=\"h-column h-column-container d-flex h-col-lg-auto h-col-md-auto h-col-auto style-862-outer style-local-947-c26-outer\">\n                              <div data-colibri-id=\"947-c26\" class=\"d-flex h-flex-basis h-column__inner h-px-lg-0 h-px-md-0 h-px-0 v-inner-lg-0 v-inner-md-0 v-inner-0 style-862 style-local-947-c26 position-relative\">\n                                <!---->\n                                <!---->\n                                <div class=\"w-100 h-y-container h-column__content h-column__v-align flex-basis-100 align-self-lg-start align-self-md-start align-self-start\">\n                                  <!---->\n                                  <div data-colibri-id=\"947-c27\" class=\"h-global-transition-all h-heading style-863 style-local-947-c27 position-relative h-element\">\n                                    <!---->\n                                    <div class=\"h-heading__outer style-863 style-local-947-c27\">\n                                      <!---->\n                                      <!---->\n                                      <h4 class=\"\">VISITAS\n                                        <br>PROVEEDORES &#8211; FISCALIZADORES<\/h4>\n                                    <\/div>\n                                  <\/div>\n                                  <div data-colibri-id=\"947-c28\" class=\"h-text h-text-component style-869 style-local-947-c28 position-relative h-element\">\n                                    <!---->\n                                    <!---->\n                                    <div class=\"\">\n                                      <p>RESPONDER AUTOEVALUACI\u00d3N SALUD<\/p>\n                                    <\/div>\n                                  <\/div>\n                                <\/div>\n                              <\/div>\n                            <\/div>\n                          <\/div>\n                        <\/div>\n                        <div data-colibri-id=\"947-c29\" class=\"h-row-container gutters-row-lg-0 gutters-row-md-0 gutters-row-0 gutters-row-v-lg-0 gutters-row-v-md-0 gutters-row-v-0 style-870 style-local-947-c29 position-relative\">\n                          <!---->\n                          <div class=\"h-row justify-content-lg-center justify-content-md-center justify-content-center align-items-lg-stretch align-items-md-stretch align-items-stretch gutters-col-lg-0 gutters-col-md-0 gutters-col-0 gutters-col-v-lg-0 gutters-col-v-md-0 gutters-col-v-0\">\n                            <!---->\n                            <div class=\"h-column h-column-container d-flex h-col-lg-auto h-col-md-auto h-col-auto style-871-outer style-local-947-c30-outer\">\n                              <div data-colibri-id=\"947-c30\" class=\"d-flex h-flex-basis h-column__inner h-px-lg-2 h-px-md-2 h-px-3 v-inner-lg-2 v-inner-md-2 v-inner-3 style-871 style-local-947-c30 position-relative\">\n                                <!---->\n                                <!---->\n                                <div class=\"w-100 h-y-container h-column__content h-column__v-align flex-basis-100 align-self-lg-start align-self-md-start align-self-start\">\n                                  <!---->\n                                  <div data-colibri-id=\"947-c31\" class=\"h-x-container style-872 style-local-947-c31 position-relative h-element\">\n                                    <!---->\n                                    <div class=\"h-x-container-inner style-dynamic-947-c31-group style-872-spacing style-local-947-c31-spacing\"><span class=\"h-button__outer style-873-outer style-local-947-c32-outer d-inline-flex h-element\"><a h-use-smooth-scroll=\"true\" href=\"https:\/\/m3h.cl\/autoevaluacion\/visitas-proveedores-fiscalizadores\/\" rel=\"nofollow\"  data-colibri-id=\"947-c32\" class=\"d-flex w-100 align-items-center h-button justify-content-lg-center justify-content-md-center justify-content-center style-873 style-local-947-c32 position-relative\"><!----><!----> <span>INGRESAR<\/span><\/a>\n                                      <\/span>\n                                    <\/div>\n                                  <\/div>\n                                <\/div>\n                              <\/div>\n                            <\/div>\n                          <\/div>\n                        <\/div>\n                      <\/div>\n                    <\/div>\n                  <\/div>\n                <\/div>\n              <\/div>\n            <\/div>\n          <\/div>\n        <\/div>\n      <\/div>\n    <\/div>\n  <\/div>\n<\/div>","protected":false},"excerpt":{"rendered":"<p>Autoevaluaci\u00f3n de Retorno Esta auto evaluaci\u00f3n de salud es parte de la campa\u00f1a de prevenci\u00f3n contra el Covid-19 (Coronavirus) con el fin de mantener su bienestar y el de los trabajadores de Soc. Minera 3H Ltda. y sus empresas contratistas. PERSONAL EMPRESA 3H RESPONDER AUTOEVALUACI\u00d3N SALUD INGRESAR CONTRATISTAS RESPONDER AUTOEVALUACI\u00d3N SALUD INGRESAR VISITAS PROVEEDORES &#8211; [&hellip;]<\/p>\n","protected":false},"author":1,"featured_media":0,"parent":0,"menu_order":0,"comment_status":"closed","ping_status":"closed","template":"page-templates\/homepage.php","meta":{"footnotes":""},"class_list":["post-947","page","type-page","status-publish","hentry"],"_links":{"self":[{"href":"https:\/\/m3h.cl\/autoevaluacion\/wp-json\/wp\/v2\/pages\/947","targetHints":{"allow":["GET"]}}],"collection":[{"href":"https:\/\/m3h.cl\/autoevaluacion\/wp-json\/wp\/v2\/pages"}],"about":[{"href":"https:\/\/m3h.cl\/autoevaluacion\/wp-json\/wp\/v2\/types\/page"}],"author":[{"embeddable":true,"href":"https:\/\/m3h.cl\/autoevaluacion\/wp-json\/wp\/v2\/users\/1"}],"replies":[{"embeddable":true,"href":"https:\/\/m3h.cl\/autoevaluacion\/wp-json\/wp\/v2\/comments?post=947"}],"version-history":[{"count":12,"href":"https:\/\/m3h.cl\/autoevaluacion\/wp-json\/wp\/v2\/pages\/947\/revisions"}],"predecessor-version":[{"id":1123,"href":"https:\/\/m3h.cl\/autoevaluacion\/wp-json\/wp\/v2\/pages\/947\/revisions\/1123"}],"wp:attachment":[{"href":"https:\/\/m3h.cl\/autoevaluacion\/wp-json\/wp\/v2\/media?parent=947"}],"curies":[{"name":"wp","href":"https:\/\/api.w.org\/{rel}","templated":true}]}}